{"id":482,"date":"2020-05-02T02:46:28","date_gmt":"2020-05-02T02:46:28","guid":{"rendered":"https:\/\/www.smilegardendentistry.ca\/exoneration-de-responsabilite-et-declaration-de-confidentialite\/"},"modified":"2020-05-22T21:43:38","modified_gmt":"2020-05-22T21:43:38","slug":"exoneration-de-responsabilite-et-declaration-de-confidentialite","status":"publish","type":"page","link":"https:\/\/www.smilegardendentistry.ca\/fr\/exoneration-de-responsabilite-et-declaration-de-confidentialite\/","title":{"rendered":"Exon\u00e9ration de responsabilit\u00e9 et d\u00e9claration de confidentialit\u00e9"},"content":{"rendered":"<ul>\n<li><a href=\"#web-and-social-media\">Limitation de Responsabilit\u00e9 pour tous les sites et les m\u00e9dias sociaux de Smile Garden Dentistry<\/a><\/li>\n<li><a href=\"#additional-social-media\">Clauses suppl\u00e9mentaires \u00e0 propos des r\u00e9seaux sociaux<\/a><\/li>\n<li><a href=\"#privacy\">D\u00e9claration de confidentialit\u00e9<\/a><\/li>\n<\/ul>\n<p>&nbsp;<\/p>\n<h2>Avis d\u2019utilisation pour tous les sites et les m\u00e9dias sociaux de Smile Garden Dentistry<\/h2>\n<div id=\"web-and-social-media\"><\/div>\n<h3 class=\"text-uppercase\">1. Conditions d&rsquo;utilisation<\/h3>\n<p>L\u2019utilisation de ce site web (le \u00ab Site \u00bb) est soumise aux conditions g\u00e9n\u00e9rales suivantes et constitue l\u2019accord de l\u2019utilisateur sur ces conditions g\u00e9n\u00e9rales. Smile Garden Dentistry se r\u00e9serve le droit de modifier ces termes et conditions ou tout contenu du site web \u00e0 tout moment sans pr\u00e9avis. Veuillez consulter les conditions g\u00e9n\u00e9rales r\u00e9guli\u00e8rement, car votre utilisation continue du site web constituera votre accord pour toute modification. ici<\/p>\n<p>&nbsp;<\/p>\n<h3 class=\"text-uppercase\">2. Ce site ne fournit pas de conseils m\u00e9dicaux<\/h3>\n<p>Le contenu de ce site est fourni \u00e0 des fins d&rsquo;information g\u00e9n\u00e9rale seulement. Le contenu n&rsquo;est pas destin\u00e9 \u00e0 remplacer les consultations avec un professionnel de la sant\u00e9 ou \u00e0 fournir des conseils m\u00e9dicaux, un diagnostic ou un traitement. Demandez toujours l&rsquo;avis d&rsquo;un m\u00e9decin ou d&rsquo;un autre professionnel de la sant\u00e9 qualifi\u00e9e pour toute question m\u00e9dicale ou de sant\u00e9. Ne n\u00e9gligez jamais un avis m\u00e9dical d\u2019un professionnel ou ne tardez pas d\u2019en consulter, pour ce que vous avez lu ce Site.<\/p>\n<p>&nbsp;<\/p>\n<h3 class=\"text-uppercase\">3. Droits d&rsquo;auteur et soumissions<\/h3>\n<p>Ce site et son contenu sont prot\u00e9g\u00e9s par le droit d&rsquo;auteur, la marque de commerce et d&rsquo;autres droits de propri\u00e9t\u00e9 de Smile Garden Dentistry ou de tiers. Sauf dans les cas express\u00e9ment autoris\u00e9s dans les pr\u00e9sentes conditions g\u00e9n\u00e9rales, aucune partie du site ou du contenu, y compris, sans s&rsquo;y limiter, les marques de commerce, les noms commerciaux et les logos, ne peut \u00eatre reproduite sous quelque forme ou par quelque moyen que ce soit, sans l&rsquo;autorisation \u00e9crite pr\u00e9alable de Smile Garden Dentisterie ou le tiers concern\u00e9. Tout t\u00e9l\u00e9chargement, redistribution, retransmission, copie, modification ou utilisation commerciale non autoris\u00e9s du contenu peut constituer une violation de la loi f\u00e9d\u00e9rale ou autre et peut entra\u00eener des poursuites judiciaires.<\/p>\n<p>\u00c0 propos du paragraphe pr\u00e9c\u00e9dent, Smile Garden Dentistry vous accorde une licence limit\u00e9e pour afficher, imprimer et utiliser le contenu de ce site uniquement pour votre usage personnel et non commercial. Cette licence est r\u00e9vocable par Smile Garden Dentistry \u00e0 tout moment et seulement \u00e0 la discr\u00e9tion de Smile Garden Dentistry. En prenant en consid\u00e9ration cette licence limit\u00e9e, vous devez vous assurer que tous les droits d&rsquo;auteur, marques de commerce et autres avis de propri\u00e9t\u00e9 sont conserv\u00e9s sur toute copie des documents du site sous la m\u00eame forme et de la m\u00eame mani\u00e8re que l&rsquo;original.<\/p>\n<p>Toutes les informations soumises \u00e0 Smile Garden Dentistry via le site seront consid\u00e9r\u00e9es et restent la propri\u00e9t\u00e9 de Smile Garden Dentistry et seront libres d&rsquo;utilisaton, \u00e0 toutes fins, toutes id\u00e9es, concepts, savoir-faire ou autres techniques contenues dans les informations fournies \u00e0 Smile Garden Dentistry. Vous acceptez que toute information soumise \u00e0 Smile Garden Dentistry ne porte pas atteinte aux droits de propri\u00e9t\u00e9 intellectuelle, y compris le droit d&rsquo;auteur, la marque de commerce, le secret commercial ou les droits de brevet, de tout tiers; et vous accordez \u00e0 Smile Garden Dentistry le droit de donner acc\u00e8s aux informations sur le site.<\/p>\n<p>&nbsp;<\/p>\n<h3 class=\"text-uppercase\">4. Contenu et liens<\/h3>\n<p>Smile Garden Dentistry a fait des efforts raisonnables pour s&rsquo;assurer que les informations fournies sur ce site sont exactes lorsqu&rsquo;elles sont publi\u00e9es. Cependant, Smile Garden Dentistry ne fait aucune repr\u00e9sentation ou garantie d&rsquo;aucune sorte quant \u00e0 la qualit\u00e9, l&rsquo;exactitude, l&rsquo;actualit\u00e9 ou l&rsquo;exhaustivit\u00e9 du contenu de ce site. Les vues ou opinions exprim\u00e9es dans le contenu de ce site ne refl\u00e8tent pas n\u00e9cessairement les vues ou opinions de Smile Garden Dentistry. Smile Garden Dentistry ne cautionne ni ne recommande aucun des produits, services, techniques ou proc\u00e9dures mentionn\u00e9es du site.<\/p>\n<p>Ce site peut contenir des liens \u00e0 des sites web et des serveurs g\u00e9r\u00e9s par des tiers sur lesquels Smile Garden Dentistry n&rsquo;a aucun contr\u00f4le. Ces liens ont \u00e9t\u00e9 fournis uniquement \u00e0 titre de commodit\u00e9 pour les utilisateurs de ce site et ne constituent pas une approbation par Smile Garden Dentistry du contenu de ces sites tiers. Smile Garden Dentistry ne fait aucune d\u00e9claration concernant le contenu ou l&rsquo;exactitude des documents sur ces sites web tiers.<\/p>\n<p>&nbsp;<\/p>\n<h3 class=\"text-uppercase\">5. Aucune garantie<\/h3>\n<p>Toute l\u2019information sur ce site repr\u00e9sente les opinions des auteurs et non de Smile Garden Dentistry. Smile Garden Dentistry ne garantit pas la qualit\u00e9, l&rsquo;exactitude, l&rsquo;exhaustivit\u00e9, l&rsquo;actualit\u00e9, la pertinence ou la pertinence des informations sur le site ou de tout produit ou service r\u00e9f\u00e9renc\u00e9 sur le site. Smile Garden Dentistry n&rsquo;assume aucune obligation de mettre \u00e0 jour les informations ou de conseiller sur les d\u00e9veloppements futurs concernant les sujets mentionn\u00e9s. Les informations peuvent \u00eatre modifi\u00e9es de temps \u00e0 autre sans pr\u00e9avis.<\/p>\n<p>Smile Garden Dentistry rejette toutes les garanties, repr\u00e9sentations et conditions concernant l&rsquo;utilisation du site ou des informations, y compris toutes les garanties ou conditions implicites de qualit\u00e9 marchande, de convenance \u00e0 un usage particulier, de non-contrefa\u00e7on, expresse ou implicite, ou d\u00e9coulant d&rsquo;un cours de n\u00e9gociation, usage ou pratique commerciale.<\/p>\n<p>&nbsp;<\/p>\n<h3 class=\"text-uppercase\">6. Exclusion de responsabilit\u00e9<\/h3>\n<p>Smile Garden Dentistry, ses dentistes affili\u00e9s, employ\u00e9s, directeurs, agents et toute autre partie impliqu\u00e9e dans la cr\u00e9ation, la production ou la livraison du site, y compris la fourniture des informations, d\u00e9cline toute responsabilit\u00e9 et ne sera pas responsable des dommages, r\u00e9clamations, responsabilit\u00e9s, co\u00fbts ou obligations, y compris les dommages directs, indirects, sp\u00e9ciaux, accessoires ou cons\u00e9cutifs, quels qu&rsquo;ils soient et quelle qu&rsquo;en soit la cause, diffus\u00e9s \u00e0 partir de ou en relation avec l&rsquo;utilisation ou la mauvaise utilisation du site ou les informations, que ces dommages surviennent dans le cadre d&rsquo;un contrat, d&rsquo;un d\u00e9lit, d&rsquo;une n\u00e9gligence, \u00e9quit\u00e9 ou droit statutaire.<\/p>\n<p>&nbsp;<\/p>\n<h3 class=\"text-uppercase\">7. Non-confidentialit\u00e9<\/h3>\n<p>En l&rsquo;absence de cryptage, Internet n&rsquo;est pas un support s\u00e9curis\u00e9 et la confidentialit\u00e9 ne peut \u00eatre garantie. Les informations fournies \u00e0 Smile Garden Dentistry en vertu de ce site seront re\u00e7ues par Smile Garden Dentistry sur une base non confidentielle. Nous recommandons l&rsquo;utilisation de logiciels de s\u00e9curit\u00e9, antivirus et autres logiciels de protection appropri\u00e9s.<\/p>\n<p>Smile Garden Dentistry n&rsquo;assume aucune responsabilit\u00e9 pour le retard, l&rsquo;\u00e9chec, l&rsquo;interruption ou la corruption des donn\u00e9es transmises en relation avec ce site et ne garantit pas que le site soit exempt\u00e9 d&rsquo;infection, de virus, de vers ou de codes qui manifestent des propri\u00e9t\u00e9s contaminantes ou destructrices.<\/p>\n<p>&nbsp;<\/p>\n<h3 class=\"text-uppercase\">8. Loi applicable<\/h3>\n<p>Ce site web est administr\u00e9 par Smile Garden Dentistry qui est situ\u00e9 en Ontario, au Canada. Toute question rattach\u00e9e \u00e0 l&rsquo;utilisation de ce site web sera r\u00e9gie par les lois de la province de l&rsquo;Ontario et les lois f\u00e9d\u00e9rales du Canada. Vous acceptez de vous soumettre \u00e0 la comp\u00e9tence non exclusive des tribunaux de la province de l&rsquo;Ontario.<\/p>\n<p>&nbsp;<\/p>\n<h2>Clauses suppl\u00e9mentaires sur les r\u00e9seaux sociaux :<\/h2>\n<div id=\"additional-social-media\"><\/div>\n<p>&nbsp;<\/p>\n<h3>En plus de ce qui pr\u00e9c\u00e8de;<\/h3>\n<p>&nbsp;<\/p>\n<ol style=\"list-style-type: lower-alpha;\">\n<li>Smile Garden Dentistry se r\u00e9serve le droit de d\u00e9terminer quels commentaires sont acceptables pour les sites de m\u00e9dias sociaux de Smile Garden Dentistry et peut supprimer ou modifier toute communication qui ne respecte pas ces conditions. Smile Garden Dentistry peut, \u00e0 sa seule discr\u00e9tion, mettre fin \u00e0 la capacit\u00e9 d&rsquo;un utilisateur de publier des commentaires sur tout site de r\u00e9seau social pour des violations r\u00e9p\u00e9t\u00e9es ou excessives de ces normes ou lorsque Smile Garden Dentistry a une base raisonnable pour croire que les commentaires de l&rsquo;utilisateur peuvent nuire s&rsquo;il est publi\u00e9.<\/li>\n<li>Smile Garden Dentistry n&rsquo;est pas responsable du contenu que des tiers publient, affichent, t\u00e9l\u00e9chargent, distribuent, diffusent ou transmettent d&rsquo;une autre mani\u00e8re via les m\u00e9dias sociaux. Tout contenu, vues, opinions et \/ ou r\u00e9ponses aux questions t\u00e9l\u00e9charg\u00e9es, exprim\u00e9es ou soumises par les cr\u00e9ateurs, commanditaires, annonceurs ou utilisateurs de m\u00e9dias sociaux autres que le contenu fourni par Smile Garden Dentistry sont uniquement les vues, opinions et responsabilit\u00e9 de la soci\u00e9t\u00e9 ou personne qui les soumet et ne refl\u00e8tent pas n\u00e9cessairement les opinions de Smile Garden Dentistry.<\/li>\n<li>Smile Garden Dentistry se r\u00e9serve tous les droits relatifs aux comptes de m\u00e9dias sociaux de Smile Garden Dentistry, y compris, mais sans s&rsquo;y limiter, tous les droits d&rsquo;ajouter, de supprimer ou de modifier tout contenu ou mat\u00e9riel publi\u00e9 sur les comptes et de fermer les comptes.<\/li>\n<li>Smile Garden Dentistry ne surveille pas le contenu g\u00e9n\u00e9ral des entr\u00e9es de blog. Le contenu des publications rel\u00e8ve de la responsabilit\u00e9 de la personne qui les a r\u00e9dig\u00e9es et ne doit r\u00e9v\u00e9ler aucune information personnelle, identifiant vos informations ou celles d&rsquo;autrui ou des informations confidentielles \/ priv\u00e9es de quelque nature que ce soit. En publiant une annonce, vous reconnaissez sp\u00e9cifiquement que Smile Garden Dentistry n&rsquo;assume aucune responsabilit\u00e9 pour toute conduite diffamatoire, offensante ou ill\u00e9gale de votre part ou de la part de tiers.<\/li>\n<li>Gardez \u00e0 l&rsquo;esprit que les commentaires et les publications sur les sites de m\u00e9dias sociaux de Smile Garden Dentistry ne sont pas priv\u00e9s et peuvent \u00eatre vus par d&rsquo;autres personnes. Smile Garden Dentistry recommande aux utilisateurs de ne rien publier qu&rsquo;ils ne voudraient pas que tout le monde sur Internet lise. Smile Garden Dentistry met en garde contre la publication d&rsquo;informations susceptibles de rendre les utilisateurs vuln\u00e9rables au vol d&rsquo;identit\u00e9 financi\u00e8re ou m\u00e9dicale, telles que des informations financi\u00e8res ou les num\u00e9ros d&rsquo;assurance. De plus, pour la confidentialit\u00e9 de nos utilisateurs, Smile Garden Dentistry recommande que les num\u00e9ros de chambre d&rsquo;h\u00f4pital ou toute autre information priv\u00e9e ne soient pas publi\u00e9s sur les sites de m\u00e9dias sociaux.<\/li>\n<\/ol>\n<p>&nbsp;<\/p>\n<h2>D\u00e9claration de confidentialit\u00e9<\/h2>\n<div id=\"privacy\"><\/div>\n<p>Smile Garden Dentistry respecte la vie priv\u00e9e et la confidentialit\u00e9 des informations personnelles et de sant\u00e9 d&rsquo;une personne lors de la collecte, de l&rsquo;utilisation ou de la divulgation d&rsquo;informations conform\u00e9ment \u00e0 la loi sur l&rsquo;acc\u00e8s \u00e0 l&rsquo;information et la protection de la vie priv\u00e9e (FIPPA), la loi sur la protection des renseignements personnels sur la sant\u00e9 (PHIPA) et la Loi sur la protection des renseignements personnels et les documents \u00e9lectroniques (PIPEDA). Smile Garden Dentistry ne collectera, n&rsquo;utilisera ou ne divulguera pas d&rsquo;informations personnelles ou de sant\u00e9 non conformes aux politiques de la FIPPA, de la PHIPA, de la PIPEDA ou de Smile Garden Dentistry.<\/p>\n<p>&nbsp;<\/p>\n<h3 class=\"text-uppercase\">Intimit\u00e9 et confidentialit\u00e9<\/h3>\n<p>Chez Smile Garden Dentistry, nous respectons les droits de nos clients, patients et r\u00e9sidents avec des soins confidentiels. L&rsquo;acc\u00e8s aux renseignements personnels sur la sant\u00e9 de nos patients est accessible \u00e0 ceux qui \u00ab ont besoin de savoir \u00bb pour prodiguer des soins (dentistes, m\u00e9decins, infirmi\u00e8res, th\u00e9rapeutes, techniciens et autres professionnels de la sant\u00e9 et du personnel).<\/p>\n<p>Nous ne discuterons pas des soins de nos patients avec une personne autre que leurs parents \/ tuteurs l\u00e9gaux.<\/p>\n<p>S&rsquo;il y a des circonstances particuli\u00e8res qui n\u00e9cessitent une s\u00e9curit\u00e9 suppl\u00e9mentaire concernant la confidentialit\u00e9, veuillez en informer la r\u00e9ceptionniste d\u00e8s votre arriv\u00e9e.<\/p>\n","protected":false},"excerpt":{"rendered":"<p>Limitation de Responsabilit\u00e9 pour tous les sites et les m\u00e9dias sociaux de Smile Garden Dentistry Clauses suppl\u00e9mentaires \u00e0 propos des r\u00e9seaux sociaux D\u00e9claration de confidentialit\u00e9 &nbsp; Avis d\u2019utilisation pour tous les sites et les m\u00e9dias sociaux de Smile Garden Dentistry 1. Conditions d&rsquo;utilisation L\u2019utilisation de ce site web (le \u00ab Site \u00bb) est soumise aux &hellip; <a href=\"https:\/\/www.smilegardendentistry.ca\/fr\/exoneration-de-responsabilite-et-declaration-de-confidentialite\/\">Lire la suite<\/a><\/p>\n","protected":false},"author":1,"featured_media":0,"parent":0,"menu_order":0,"comment_status":"closed","ping_status":"closed","template":"views\/privacy.blade.php","meta":{"_acf_changed":false,"inline_featured_image":false,"footnotes":""},"class_list":["post-482","page","type-page","status-publish","hentry"],"acf":[],"yoast_head":"<!-- This site is optimized with the Yoast SEO plugin v27.6 - https:\/\/yoast.com\/product\/yoast-seo-wordpress\/ -->\n<title>Exon\u00e9ration de responsabilit\u00e9 et d\u00e9claration de confidentialit\u00e9 - Smile Garden Dentistry<\/title>\n<meta name=\"description\" content=\"Clause de non responsabilit\u00e9 d&#039;utilisation pour le site Smile Garden Dentistry.\" \/>\n<meta name=\"robots\" content=\"noindex, follow\" \/>\n<meta property=\"og:locale\" content=\"fr_CA\" \/>\n<meta property=\"og:type\" content=\"article\" \/>\n<meta property=\"og:title\" content=\"Exon\u00e9ration de responsabilit\u00e9 et d\u00e9claration de confidentialit\u00e9 - Smile Garden Dentistry\" \/>\n<meta property=\"og:description\" content=\"Clause de non responsabilit\u00e9 d&#039;utilisation pour le site Smile Garden Dentistry.\" \/>\n<meta property=\"og:url\" content=\"https:\/\/www.smilegardendentistry.ca\/fr\/exoneration-de-responsabilite-et-declaration-de-confidentialite\/\" \/>\n<meta property=\"og:site_name\" content=\"Smile Garden Dentistry\" \/>\n<meta property=\"article:modified_time\" content=\"2020-05-22T21:43:38+00:00\" \/>\n<meta name=\"twitter:card\" content=\"summary_large_image\" \/>\n<meta name=\"twitter:label1\" content=\"Estimation du temps de lecture\" \/>\n\t<meta name=\"twitter:data1\" content=\"9 minutes\" \/>\n<script type=\"application\/ld+json\" class=\"yoast-schema-graph\">{\"@context\":\"https:\\\/\\\/schema.org\",\"@graph\":[{\"@type\":\"WebPage\",\"@id\":\"https:\\\/\\\/www.smilegardendentistry.ca\\\/fr\\\/exoneration-de-responsabilite-et-declaration-de-confidentialite\\\/\",\"url\":\"https:\\\/\\\/www.smilegardendentistry.ca\\\/fr\\\/exoneration-de-responsabilite-et-declaration-de-confidentialite\\\/\",\"name\":\"Exon\u00e9ration de responsabilit\u00e9 et d\u00e9claration de confidentialit\u00e9 - Smile Garden Dentistry\",\"isPartOf\":{\"@id\":\"https:\\\/\\\/www.smilegardendentistry.ca\\\/fr\\\/#website\"},\"datePublished\":\"2020-05-02T02:46:28+00:00\",\"dateModified\":\"2020-05-22T21:43:38+00:00\",\"description\":\"Clause de non responsabilit\u00e9 d'utilisation pour le site Smile Garden Dentistry.\",\"breadcrumb\":{\"@id\":\"https:\\\/\\\/www.smilegardendentistry.ca\\\/fr\\\/exoneration-de-responsabilite-et-declaration-de-confidentialite\\\/#breadcrumb\"},\"inLanguage\":\"fr-CA\",\"potentialAction\":[{\"@type\":\"ReadAction\",\"target\":[\"https:\\\/\\\/www.smilegardendentistry.ca\\\/fr\\\/exoneration-de-responsabilite-et-declaration-de-confidentialite\\\/\"]}]},{\"@type\":\"BreadcrumbList\",\"@id\":\"https:\\\/\\\/www.smilegardendentistry.ca\\\/fr\\\/exoneration-de-responsabilite-et-declaration-de-confidentialite\\\/#breadcrumb\",\"itemListElement\":[{\"@type\":\"ListItem\",\"position\":1,\"name\":\"Home\",\"item\":\"https:\\\/\\\/www.smilegardendentistry.ca\\\/fr\\\/\"},{\"@type\":\"ListItem\",\"position\":2,\"name\":\"Exon\u00e9ration de responsabilit\u00e9 et d\u00e9claration de confidentialit\u00e9\"}]},{\"@type\":\"WebSite\",\"@id\":\"https:\\\/\\\/www.smilegardendentistry.ca\\\/fr\\\/#website\",\"url\":\"https:\\\/\\\/www.smilegardendentistry.ca\\\/fr\\\/\",\"name\":\"Smile Garden Dentistry\",\"description\":\"\",\"publisher\":{\"@id\":\"https:\\\/\\\/www.smilegardendentistry.ca\\\/fr\\\/#organization\"},\"potentialAction\":[{\"@type\":\"SearchAction\",\"target\":{\"@type\":\"EntryPoint\",\"urlTemplate\":\"https:\\\/\\\/www.smilegardendentistry.ca\\\/fr\\\/?s={search_term_string}\"},\"query-input\":{\"@type\":\"PropertyValueSpecification\",\"valueRequired\":true,\"valueName\":\"search_term_string\"}}],\"inLanguage\":\"fr-CA\"},{\"@type\":\"Organization\",\"@id\":\"https:\\\/\\\/www.smilegardendentistry.ca\\\/fr\\\/#organization\",\"name\":\"Smile Garden Dentistry\",\"url\":\"https:\\\/\\\/www.smilegardendentistry.ca\\\/fr\\\/\",\"logo\":{\"@type\":\"ImageObject\",\"inLanguage\":\"fr-CA\",\"@id\":\"https:\\\/\\\/www.smilegardendentistry.ca\\\/fr\\\/#\\\/schema\\\/logo\\\/image\\\/\",\"url\":\"https:\\\/\\\/www.smilegardendentistry.ca\\\/wp-content\\\/uploads\\\/2020\\\/02\\\/SG_RGB_FULL.png\",\"contentUrl\":\"https:\\\/\\\/www.smilegardendentistry.ca\\\/wp-content\\\/uploads\\\/2020\\\/02\\\/SG_RGB_FULL.png\",\"width\":1000,\"height\":312,\"caption\":\"Smile Garden Dentistry\"},\"image\":{\"@id\":\"https:\\\/\\\/www.smilegardendentistry.ca\\\/fr\\\/#\\\/schema\\\/logo\\\/image\\\/\"}}]}<\/script>\n<!-- \/ Yoast SEO plugin. -->","yoast_head_json":{"title":"Exon\u00e9ration de responsabilit\u00e9 et d\u00e9claration de confidentialit\u00e9 - Smile Garden Dentistry","description":"Clause de non responsabilit\u00e9 d'utilisation pour le site Smile Garden Dentistry.","robots":{"index":"noindex","follow":"follow"},"og_locale":"fr_CA","og_type":"article","og_title":"Exon\u00e9ration de responsabilit\u00e9 et d\u00e9claration de confidentialit\u00e9 - Smile Garden Dentistry","og_description":"Clause de non responsabilit\u00e9 d'utilisation pour le site Smile Garden Dentistry.","og_url":"https:\/\/www.smilegardendentistry.ca\/fr\/exoneration-de-responsabilite-et-declaration-de-confidentialite\/","og_site_name":"Smile Garden Dentistry","article_modified_time":"2020-05-22T21:43:38+00:00","twitter_card":"summary_large_image","twitter_misc":{"Estimation du temps de lecture":"9 minutes"},"schema":{"@context":"https:\/\/schema.org","@graph":[{"@type":"WebPage","@id":"https:\/\/www.smilegardendentistry.ca\/fr\/exoneration-de-responsabilite-et-declaration-de-confidentialite\/","url":"https:\/\/www.smilegardendentistry.ca\/fr\/exoneration-de-responsabilite-et-declaration-de-confidentialite\/","name":"Exon\u00e9ration de responsabilit\u00e9 et d\u00e9claration de confidentialit\u00e9 - Smile Garden Dentistry","isPartOf":{"@id":"https:\/\/www.smilegardendentistry.ca\/fr\/#website"},"datePublished":"2020-05-02T02:46:28+00:00","dateModified":"2020-05-22T21:43:38+00:00","description":"Clause de non responsabilit\u00e9 d'utilisation pour le site Smile Garden Dentistry.","breadcrumb":{"@id":"https:\/\/www.smilegardendentistry.ca\/fr\/exoneration-de-responsabilite-et-declaration-de-confidentialite\/#breadcrumb"},"inLanguage":"fr-CA","potentialAction":[{"@type":"ReadAction","target":["https:\/\/www.smilegardendentistry.ca\/fr\/exoneration-de-responsabilite-et-declaration-de-confidentialite\/"]}]},{"@type":"BreadcrumbList","@id":"https:\/\/www.smilegardendentistry.ca\/fr\/exoneration-de-responsabilite-et-declaration-de-confidentialite\/#breadcrumb","itemListElement":[{"@type":"ListItem","position":1,"name":"Home","item":"https:\/\/www.smilegardendentistry.ca\/fr\/"},{"@type":"ListItem","position":2,"name":"Exon\u00e9ration de responsabilit\u00e9 et d\u00e9claration de confidentialit\u00e9"}]},{"@type":"WebSite","@id":"https:\/\/www.smilegardendentistry.ca\/fr\/#website","url":"https:\/\/www.smilegardendentistry.ca\/fr\/","name":"Smile Garden Dentistry","description":"","publisher":{"@id":"https:\/\/www.smilegardendentistry.ca\/fr\/#organization"},"potentialAction":[{"@type":"SearchAction","target":{"@type":"EntryPoint","urlTemplate":"https:\/\/www.smilegardendentistry.ca\/fr\/?s={search_term_string}"},"query-input":{"@type":"PropertyValueSpecification","valueRequired":true,"valueName":"search_term_string"}}],"inLanguage":"fr-CA"},{"@type":"Organization","@id":"https:\/\/www.smilegardendentistry.ca\/fr\/#organization","name":"Smile Garden Dentistry","url":"https:\/\/www.smilegardendentistry.ca\/fr\/","logo":{"@type":"ImageObject","inLanguage":"fr-CA","@id":"https:\/\/www.smilegardendentistry.ca\/fr\/#\/schema\/logo\/image\/","url":"https:\/\/www.smilegardendentistry.ca\/wp-content\/uploads\/2020\/02\/SG_RGB_FULL.png","contentUrl":"https:\/\/www.smilegardendentistry.ca\/wp-content\/uploads\/2020\/02\/SG_RGB_FULL.png","width":1000,"height":312,"caption":"Smile Garden Dentistry"},"image":{"@id":"https:\/\/www.smilegardendentistry.ca\/fr\/#\/schema\/logo\/image\/"}}]}},"_links":{"self":[{"href":"https:\/\/www.smilegardendentistry.ca\/fr\/wp-json\/wp\/v2\/pages\/482","targetHints":{"allow":["GET"]}}],"collection":[{"href":"https:\/\/www.smilegardendentistry.ca\/fr\/wp-json\/wp\/v2\/pages"}],"about":[{"href":"https:\/\/www.smilegardendentistry.ca\/fr\/wp-json\/wp\/v2\/types\/page"}],"author":[{"embeddable":true,"href":"https:\/\/www.smilegardendentistry.ca\/fr\/wp-json\/wp\/v2\/users\/1"}],"replies":[{"embeddable":true,"href":"https:\/\/www.smilegardendentistry.ca\/fr\/wp-json\/wp\/v2\/comments?post=482"}],"version-history":[{"count":0,"href":"https:\/\/www.smilegardendentistry.ca\/fr\/wp-json\/wp\/v2\/pages\/482\/revisions"}],"wp:attachment":[{"href":"https:\/\/www.smilegardendentistry.ca\/fr\/wp-json\/wp\/v2\/media?parent=482"}],"curies":[{"name":"wp","href":"https:\/\/api.w.org\/{rel}","templated":true}]}}