{"id":484,"date":"2020-05-02T02:49:43","date_gmt":"2020-05-02T02:49:43","guid":{"rendered":"https:\/\/www.smilegardendentistry.ca\/references-et-temoignages\/"},"modified":"2020-05-25T17:29:49","modified_gmt":"2020-05-25T17:29:49","slug":"references-et-temoignages","status":"publish","type":"page","link":"https:\/\/www.smilegardendentistry.ca\/fr\/references-et-temoignages\/","title":{"rendered":"R\u00e9f\u00e9rences et t\u00e9moignages"},"content":{"rendered":"<p><a href=\"\/wp-content\/uploads\/2020\/05\/Smile-Garden-Formulaire-de-re\u0301fe\u0301rence.pdf\" target=\"_blank\" rel=\"noopener noreferrer\">T\u00e9l\u00e9chargez le PDF pour r\u00e9f\u00e9rer \u00e0 notre clinique <img decoding=\"async\" class=\"alignnone size-full wp-image-207 lazyload\" role=\"img\" data-src=\"https:\/\/www.smilegardendentistry.ca\/wp-content\/uploads\/2020\/01\/download-icon.svg\" alt=\"\" width=\"11\" height=\"13\" src=\"data:image\/svg+xml;base64,PHN2ZyB3aWR0aD0iMSIgaGVpZ2h0PSIxIiB4bWxucz0iaHR0cDovL3d3dy53My5vcmcvMjAwMC9zdmciPjwvc3ZnPg==\" style=\"--smush-placeholder-width: 11px; --smush-placeholder-aspect-ratio: 11\/13;\" \/>\u00a0<\/a><\/p>\n<p>&nbsp;<\/p>\n<p>Smile Garden Dentistry est en mesure d&rsquo;offrir les services suivants \u00e0 vos patients: consultations, soins dentaires avec s\u00e9dation au protoxyde d\u2019azote, soins dentaires avec anesth\u00e9sie g\u00e9n\u00e9rale, gestion des infections aigu\u00ebs et traumatismes dento-faciaux.<\/p>\n<p>T\u00e9l\u00e9chargez notre formulaire de recommandation que vous pouvez ensuite nous t\u00e9l\u00e9copier au: (613) 384-1716<\/p>\n<p>Notre \u00e9quipe prendra rendez-vous le plus vite possible; cependant, veuillez informer vos patients que \u00e7a peut prendre quelques semaines \u00e0 notre personnel pour contacter le patient avec temps de rendez-vous. Les temps d&rsquo;attentes pour les rendez-vous varient en fonction de l&rsquo;urgence et des besoins de traitement. Cependant, si vous avez r\u00e9f\u00e9r\u00e9 un patient \u00e0 Smile Garden Dentistry, n&rsquo;h\u00e9sitez pas \u00e0 lui dire de nous appeler pour prendre rendez-vous.<\/p>\n","protected":false},"excerpt":{"rendered":"<p>T\u00e9l\u00e9chargez le PDF pour r\u00e9f\u00e9rer \u00e0 notre clinique \u00a0 &nbsp; Smile Garden Dentistry est en mesure d&rsquo;offrir les services suivants \u00e0 vos patients: consultations, soins dentaires avec s\u00e9dation au protoxyde d\u2019azote, soins dentaires avec anesth\u00e9sie g\u00e9n\u00e9rale, gestion des infections aigu\u00ebs et traumatismes dento-faciaux. T\u00e9l\u00e9chargez notre formulaire de recommandation que vous pouvez ensuite nous t\u00e9l\u00e9copier au: &hellip; <a href=\"https:\/\/www.smilegardendentistry.ca\/fr\/references-et-temoignages\/\">Lire la suite<\/a><\/p>\n","protected":false},"author":1,"featured_media":0,"parent":0,"menu_order":0,"comment_status":"closed","ping_status":"closed","template":"","meta":{"_acf_changed":false,"inline_featured_image":false,"footnotes":""},"class_list":["post-484","page","type-page","status-publish","hentry"],"acf":[],"yoast_head":"<!-- This site is optimized with the Yoast SEO plugin v27.3 - https:\/\/yoast.com\/product\/yoast-seo-wordpress\/ -->\n<title>R\u00e9f\u00e9rences et t\u00e9moignages | Smile Garden Dentistry<\/title>\n<meta name=\"description\" content=\"R\u00e9f\u00e9rer vos patients pour une consultation, soins dentaire avec protoxyde d&#039;azote, anast\u00e9sie g\u00e9n\u00e9rale. Urgence dentaire. Situ\u00e9 \u00e0 Kingston Ontario. Bilingue.\" \/>\n<meta name=\"robots\" content=\"index, follow, max-snippet:-1, max-image-preview:large, max-video-preview:-1\" \/>\n<link rel=\"canonical\" href=\"https:\/\/www.smilegardendentistry.ca\/fr\/references-et-temoignages\/\" \/>\n<meta property=\"og:locale\" content=\"fr_CA\" \/>\n<meta property=\"og:type\" content=\"article\" \/>\n<meta property=\"og:title\" content=\"R\u00e9f\u00e9rences et t\u00e9moignages | Smile Garden Dentistry\" \/>\n<meta property=\"og:description\" content=\"R\u00e9f\u00e9rer vos patients pour une consultation, soins dentaire avec protoxyde d&#039;azote, anast\u00e9sie g\u00e9n\u00e9rale. Urgence dentaire. Situ\u00e9 \u00e0 Kingston Ontario. Bilingue.\" \/>\n<meta property=\"og:url\" content=\"https:\/\/www.smilegardendentistry.ca\/fr\/references-et-temoignages\/\" \/>\n<meta property=\"og:site_name\" content=\"Smile Garden Dentistry\" \/>\n<meta property=\"article:modified_time\" content=\"2020-05-25T17:29:49+00:00\" \/>\n<meta property=\"og:image\" content=\"https:\/\/www.smilegardendentistry.ca\/wp-content\/uploads\/2020\/01\/download-icon.svg\" \/>\n<meta name=\"twitter:card\" content=\"summary_large_image\" \/>\n<meta name=\"twitter:label1\" content=\"Estimation du temps de lecture\" \/>\n\t<meta name=\"twitter:data1\" content=\"1 minute\" \/>\n<script type=\"application\/ld+json\" class=\"yoast-schema-graph\">{\"@context\":\"https:\\\/\\\/schema.org\",\"@graph\":[{\"@type\":\"WebPage\",\"@id\":\"https:\\\/\\\/www.smilegardendentistry.ca\\\/fr\\\/references-et-temoignages\\\/\",\"url\":\"https:\\\/\\\/www.smilegardendentistry.ca\\\/fr\\\/references-et-temoignages\\\/\",\"name\":\"R\u00e9f\u00e9rences et t\u00e9moignages | Smile Garden Dentistry\",\"isPartOf\":{\"@id\":\"https:\\\/\\\/www.smilegardendentistry.ca\\\/fr\\\/#website\"},\"primaryImageOfPage\":{\"@id\":\"https:\\\/\\\/www.smilegardendentistry.ca\\\/fr\\\/references-et-temoignages\\\/#primaryimage\"},\"image\":{\"@id\":\"https:\\\/\\\/www.smilegardendentistry.ca\\\/fr\\\/references-et-temoignages\\\/#primaryimage\"},\"thumbnailUrl\":\"https:\\\/\\\/www.smilegardendentistry.ca\\\/wp-content\\\/uploads\\\/2020\\\/01\\\/download-icon.svg\",\"datePublished\":\"2020-05-02T02:49:43+00:00\",\"dateModified\":\"2020-05-25T17:29:49+00:00\",\"description\":\"R\u00e9f\u00e9rer vos patients pour une consultation, soins dentaire avec protoxyde d'azote, anast\u00e9sie g\u00e9n\u00e9rale. Urgence dentaire. Situ\u00e9 \u00e0 Kingston Ontario. Bilingue.\",\"breadcrumb\":{\"@id\":\"https:\\\/\\\/www.smilegardendentistry.ca\\\/fr\\\/references-et-temoignages\\\/#breadcrumb\"},\"inLanguage\":\"fr-CA\",\"potentialAction\":[{\"@type\":\"ReadAction\",\"target\":[\"https:\\\/\\\/www.smilegardendentistry.ca\\\/fr\\\/references-et-temoignages\\\/\"]}]},{\"@type\":\"ImageObject\",\"inLanguage\":\"fr-CA\",\"@id\":\"https:\\\/\\\/www.smilegardendentistry.ca\\\/fr\\\/references-et-temoignages\\\/#primaryimage\",\"url\":\"https:\\\/\\\/www.smilegardendentistry.ca\\\/wp-content\\\/uploads\\\/2020\\\/01\\\/download-icon.svg\",\"contentUrl\":\"https:\\\/\\\/www.smilegardendentistry.ca\\\/wp-content\\\/uploads\\\/2020\\\/01\\\/download-icon.svg\"},{\"@type\":\"BreadcrumbList\",\"@id\":\"https:\\\/\\\/www.smilegardendentistry.ca\\\/fr\\\/references-et-temoignages\\\/#breadcrumb\",\"itemListElement\":[{\"@type\":\"ListItem\",\"position\":1,\"name\":\"Home\",\"item\":\"https:\\\/\\\/www.smilegardendentistry.ca\\\/fr\\\/\"},{\"@type\":\"ListItem\",\"position\":2,\"name\":\"R\u00e9f\u00e9rences et t\u00e9moignages\"}]},{\"@type\":\"WebSite\",\"@id\":\"https:\\\/\\\/www.smilegardendentistry.ca\\\/fr\\\/#website\",\"url\":\"https:\\\/\\\/www.smilegardendentistry.ca\\\/fr\\\/\",\"name\":\"Smile Garden Dentistry\",\"description\":\"\",\"publisher\":{\"@id\":\"https:\\\/\\\/www.smilegardendentistry.ca\\\/fr\\\/#organization\"},\"potentialAction\":[{\"@type\":\"SearchAction\",\"target\":{\"@type\":\"EntryPoint\",\"urlTemplate\":\"https:\\\/\\\/www.smilegardendentistry.ca\\\/fr\\\/?s={search_term_string}\"},\"query-input\":{\"@type\":\"PropertyValueSpecification\",\"valueRequired\":true,\"valueName\":\"search_term_string\"}}],\"inLanguage\":\"fr-CA\"},{\"@type\":\"Organization\",\"@id\":\"https:\\\/\\\/www.smilegardendentistry.ca\\\/fr\\\/#organization\",\"name\":\"Smile Garden Dentistry\",\"url\":\"https:\\\/\\\/www.smilegardendentistry.ca\\\/fr\\\/\",\"logo\":{\"@type\":\"ImageObject\",\"inLanguage\":\"fr-CA\",\"@id\":\"https:\\\/\\\/www.smilegardendentistry.ca\\\/fr\\\/#\\\/schema\\\/logo\\\/image\\\/\",\"url\":\"https:\\\/\\\/www.smilegardendentistry.ca\\\/wp-content\\\/uploads\\\/2020\\\/02\\\/SG_RGB_FULL.png\",\"contentUrl\":\"https:\\\/\\\/www.smilegardendentistry.ca\\\/wp-content\\\/uploads\\\/2020\\\/02\\\/SG_RGB_FULL.png\",\"width\":1000,\"height\":312,\"caption\":\"Smile Garden Dentistry\"},\"image\":{\"@id\":\"https:\\\/\\\/www.smilegardendentistry.ca\\\/fr\\\/#\\\/schema\\\/logo\\\/image\\\/\"}}]}<\/script>\n<!-- \/ Yoast SEO plugin. -->","yoast_head_json":{"title":"R\u00e9f\u00e9rences et t\u00e9moignages | Smile Garden Dentistry","description":"R\u00e9f\u00e9rer vos patients pour une consultation, soins dentaire avec protoxyde d'azote, anast\u00e9sie g\u00e9n\u00e9rale. Urgence dentaire. Situ\u00e9 \u00e0 Kingston Ontario. Bilingue.","robots":{"index":"index","follow":"follow","max-snippet":"max-snippet:-1","max-image-preview":"max-image-preview:large","max-video-preview":"max-video-preview:-1"},"canonical":"https:\/\/www.smilegardendentistry.ca\/fr\/references-et-temoignages\/","og_locale":"fr_CA","og_type":"article","og_title":"R\u00e9f\u00e9rences et t\u00e9moignages | Smile Garden Dentistry","og_description":"R\u00e9f\u00e9rer vos patients pour une consultation, soins dentaire avec protoxyde d'azote, anast\u00e9sie g\u00e9n\u00e9rale. Urgence dentaire. Situ\u00e9 \u00e0 Kingston Ontario. Bilingue.","og_url":"https:\/\/www.smilegardendentistry.ca\/fr\/references-et-temoignages\/","og_site_name":"Smile Garden Dentistry","article_modified_time":"2020-05-25T17:29:49+00:00","og_image":[{"url":"https:\/\/www.smilegardendentistry.ca\/wp-content\/uploads\/2020\/01\/download-icon.svg","type":"","width":"","height":""}],"twitter_card":"summary_large_image","twitter_misc":{"Estimation du temps de lecture":"1 minute"},"schema":{"@context":"https:\/\/schema.org","@graph":[{"@type":"WebPage","@id":"https:\/\/www.smilegardendentistry.ca\/fr\/references-et-temoignages\/","url":"https:\/\/www.smilegardendentistry.ca\/fr\/references-et-temoignages\/","name":"R\u00e9f\u00e9rences et t\u00e9moignages | Smile Garden Dentistry","isPartOf":{"@id":"https:\/\/www.smilegardendentistry.ca\/fr\/#website"},"primaryImageOfPage":{"@id":"https:\/\/www.smilegardendentistry.ca\/fr\/references-et-temoignages\/#primaryimage"},"image":{"@id":"https:\/\/www.smilegardendentistry.ca\/fr\/references-et-temoignages\/#primaryimage"},"thumbnailUrl":"https:\/\/www.smilegardendentistry.ca\/wp-content\/uploads\/2020\/01\/download-icon.svg","datePublished":"2020-05-02T02:49:43+00:00","dateModified":"2020-05-25T17:29:49+00:00","description":"R\u00e9f\u00e9rer vos patients pour une consultation, soins dentaire avec protoxyde d'azote, anast\u00e9sie g\u00e9n\u00e9rale. Urgence dentaire. Situ\u00e9 \u00e0 Kingston Ontario. Bilingue.","breadcrumb":{"@id":"https:\/\/www.smilegardendentistry.ca\/fr\/references-et-temoignages\/#breadcrumb"},"inLanguage":"fr-CA","potentialAction":[{"@type":"ReadAction","target":["https:\/\/www.smilegardendentistry.ca\/fr\/references-et-temoignages\/"]}]},{"@type":"ImageObject","inLanguage":"fr-CA","@id":"https:\/\/www.smilegardendentistry.ca\/fr\/references-et-temoignages\/#primaryimage","url":"https:\/\/www.smilegardendentistry.ca\/wp-content\/uploads\/2020\/01\/download-icon.svg","contentUrl":"https:\/\/www.smilegardendentistry.ca\/wp-content\/uploads\/2020\/01\/download-icon.svg"},{"@type":"BreadcrumbList","@id":"https:\/\/www.smilegardendentistry.ca\/fr\/references-et-temoignages\/#breadcrumb","itemListElement":[{"@type":"ListItem","position":1,"name":"Home","item":"https:\/\/www.smilegardendentistry.ca\/fr\/"},{"@type":"ListItem","position":2,"name":"R\u00e9f\u00e9rences et t\u00e9moignages"}]},{"@type":"WebSite","@id":"https:\/\/www.smilegardendentistry.ca\/fr\/#website","url":"https:\/\/www.smilegardendentistry.ca\/fr\/","name":"Smile Garden Dentistry","description":"","publisher":{"@id":"https:\/\/www.smilegardendentistry.ca\/fr\/#organization"},"potentialAction":[{"@type":"SearchAction","target":{"@type":"EntryPoint","urlTemplate":"https:\/\/www.smilegardendentistry.ca\/fr\/?s={search_term_string}"},"query-input":{"@type":"PropertyValueSpecification","valueRequired":true,"valueName":"search_term_string"}}],"inLanguage":"fr-CA"},{"@type":"Organization","@id":"https:\/\/www.smilegardendentistry.ca\/fr\/#organization","name":"Smile Garden Dentistry","url":"https:\/\/www.smilegardendentistry.ca\/fr\/","logo":{"@type":"ImageObject","inLanguage":"fr-CA","@id":"https:\/\/www.smilegardendentistry.ca\/fr\/#\/schema\/logo\/image\/","url":"https:\/\/www.smilegardendentistry.ca\/wp-content\/uploads\/2020\/02\/SG_RGB_FULL.png","contentUrl":"https:\/\/www.smilegardendentistry.ca\/wp-content\/uploads\/2020\/02\/SG_RGB_FULL.png","width":1000,"height":312,"caption":"Smile Garden Dentistry"},"image":{"@id":"https:\/\/www.smilegardendentistry.ca\/fr\/#\/schema\/logo\/image\/"}}]}},"_links":{"self":[{"href":"https:\/\/www.smilegardendentistry.ca\/fr\/wp-json\/wp\/v2\/pages\/484","targetHints":{"allow":["GET"]}}],"collection":[{"href":"https:\/\/www.smilegardendentistry.ca\/fr\/wp-json\/wp\/v2\/pages"}],"about":[{"href":"https:\/\/www.smilegardendentistry.ca\/fr\/wp-json\/wp\/v2\/types\/page"}],"author":[{"embeddable":true,"href":"https:\/\/www.smilegardendentistry.ca\/fr\/wp-json\/wp\/v2\/users\/1"}],"replies":[{"embeddable":true,"href":"https:\/\/www.smilegardendentistry.ca\/fr\/wp-json\/wp\/v2\/comments?post=484"}],"version-history":[{"count":0,"href":"https:\/\/www.smilegardendentistry.ca\/fr\/wp-json\/wp\/v2\/pages\/484\/revisions"}],"wp:attachment":[{"href":"https:\/\/www.smilegardendentistry.ca\/fr\/wp-json\/wp\/v2\/media?parent=484"}],"curies":[{"name":"wp","href":"https:\/\/api.w.org\/{rel}","templated":true}]}}