{"id":487,"date":"2020-05-02T03:02:15","date_gmt":"2020-05-02T03:02:15","guid":{"rendered":"https:\/\/www.smilegardendentistry.ca\/urgences-dentaires\/"},"modified":"2020-05-22T21:26:13","modified_gmt":"2020-05-22T21:26:13","slug":"urgences-dentaires","status":"publish","type":"page","link":"https:\/\/www.smilegardendentistry.ca\/fr\/urgences-dentaires\/","title":{"rendered":"Urgences dentaires"},"content":{"rendered":"<p>Si votre enfant a subi un coup \u00e0 la t\u00eate, a perdu connaissance ou toute autre urgence mettant sa vie en danger, veuillez contacter le 911 ou vous rendre \u00e0 l&rsquo;urgence la plus proche. Si votre enfant fait face \u00e0 une urgence dentaire, contactez-nous d\u00e8s que possible.<\/p>\n<p>T\u00e9l\u00e9chargez l&rsquo;application \u00abTooth SOS\u00bb cr\u00e9\u00e9e par l&rsquo;Association Internationale de Traumatologie Dentaire pour vous aider \u00e0 g\u00e9rer toutes les urgences dentaires.<\/p>\n<p>Voir \u00e9galement, ci-dessous quelques conseils pour faire face aux situations dentaires urgentes.<\/p>\n<p>&nbsp;<\/p>\n<h2>1. Dents d\u00e9log\u00e9es (permanentes)<\/h2>\n<p>Si votre enfant d\u00e9loge une dent PERMANENTE, cela est une urgence dentaire. Essayez de ne pas toucher la racine de la dent. Rincez la dent avec pr\u00e9caution en utilisant l\u2019eau du robinet. Essayer de remettre la dent \u00e0 son endroit original, malgr\u00e9 le saignement. Pour garder la dent en place, vous devez fermer la bouche avec une serviette de papier entre les dents du haut et du bas. Si la dent ne peut pas \u00eatre plac\u00e9e dans la bouche, vous devez la placer dans du lait. Contactez notre bureau pour prendre rendez-vous.<\/p>\n<p>&nbsp;<\/p>\n<h2>2. Enflure au visage<\/h2>\n<p>Si vous apercevez une enflure au visage ou une joue enfl\u00e9e, s\u2019il vous plait contactez notre bureau imm\u00e9diatement. Mais, si l\u2019enflure au visage se rapproche des yeux ou est la cause de difficult\u00e9s respiratoires, cela est une urgence m\u00e9dicale et vous devez contacter le 911 ou vous pr\u00e9senter \u00e0 l\u2019urgence.<\/p>\n<p>&nbsp;<\/p>\n<h2>3. Dents d\u00e9log\u00e9es (primaire \u2018\u2019b\u00e9b\u00e9\u2019\u2019)<\/h2>\n<p>Si votre enfant se d\u00e9loge une dent primaire, nous ne pouvons pas la remettre dans la bouche. La priorit\u00e9 est d\u2019\u00eatre certain que la dent en dessous n\u2019est pas endommag\u00e9e. Rincer la bouche de votre enfant, placer une d\u00e9barbouillette froide et fermer les dents dessus. Contactez notre bureau pour voir si un rendez-vous est n\u00e9cessaire.<\/p>\n<p>&nbsp;<\/p>\n<h2>4. Dents cass\u00e9es (obturation)<\/h2>\n<p>Une dent cass\u00e9e ou une obturation ne sont pas des cas d\u2019urgence, mais elles n\u00e9cessitent un traitement. Si votre enfant se casse une dent, essayez de trouver le morceau cass\u00e9 et le garder dans du lait, car nous pourrons peut-\u00eatre le rattacher. Contactez notre bureau pour prendre rendez-vous.<\/p>\n<p>&nbsp;<\/p>\n<h2>5. Dents mobiles ou d\u00e9plac\u00e9es<\/h2>\n<p>Le traitement d&rsquo;une dent mobile ou d\u00e9plac\u00e9e d\u00e9pendra de la s\u00e9v\u00e9rit\u00e9 du mouvement de celle-ci; et si elle est une dent permanente ou primaire (dent de b\u00e9b\u00e9). Contactez notre bureau pour prendre rendez-vous.<\/p>\n<p>&nbsp;<\/p>\n<h2>6. Une coupure \u00e0 la l\u00e8vre, la langue ou la joue<\/h2>\n<p>Les saignements des tissus mous doivent \u00eatre contr\u00f4l\u00e9s en utilisant une pression avec un gaz humide ou une d\u00e9barbouillette propre et humide. Cherchez des soins m\u00e9dicaux \/ dentaires selon la gravit\u00e9 de la blessure. Contactez notre bureau pour prendre rendez-vous.<\/p>\n","protected":false},"excerpt":{"rendered":"<p>Si votre enfant a subi un coup \u00e0 la t\u00eate, a perdu connaissance ou toute autre urgence mettant sa vie en danger, veuillez contacter le 911 ou vous rendre \u00e0 l&rsquo;urgence la plus proche. Si votre enfant fait face \u00e0 une urgence dentaire, contactez-nous d\u00e8s que possible. T\u00e9l\u00e9chargez l&rsquo;application \u00abTooth SOS\u00bb cr\u00e9\u00e9e par l&rsquo;Association Internationale &hellip; <a href=\"https:\/\/www.smilegardendentistry.ca\/fr\/urgences-dentaires\/\">Lire la suite<\/a><\/p>\n","protected":false},"author":1,"featured_media":0,"parent":0,"menu_order":0,"comment_status":"closed","ping_status":"closed","template":"","meta":{"_acf_changed":false,"inline_featured_image":false,"footnotes":""},"class_list":["post-487","page","type-page","status-publish","hentry"],"acf":[],"yoast_head":"<!-- This site is optimized with the Yoast SEO plugin v27.6 - https:\/\/yoast.com\/product\/yoast-seo-wordpress\/ -->\n<title>Urgences dentaires - Smile Garden Dentistry<\/title>\n<meta name=\"description\" content=\"Si votre enfant (nourisson, enfant adolescent) \u00e0 une urgence Dentaire voici des conseils utiles.Nous somme situ\u00e9 \u00e0 Kingston Ontario.\" \/>\n<meta name=\"robots\" content=\"index, follow, max-snippet:-1, max-image-preview:large, max-video-preview:-1\" \/>\n<link rel=\"canonical\" href=\"https:\/\/www.smilegardendentistry.ca\/fr\/urgences-dentaires\/\" \/>\n<meta property=\"og:locale\" content=\"fr_CA\" \/>\n<meta property=\"og:type\" content=\"article\" \/>\n<meta property=\"og:title\" content=\"Urgences dentaires - Smile Garden Dentistry\" \/>\n<meta property=\"og:description\" content=\"Si votre enfant (nourisson, enfant adolescent) \u00e0 une urgence Dentaire voici des conseils utiles.Nous somme situ\u00e9 \u00e0 Kingston Ontario.\" \/>\n<meta property=\"og:url\" content=\"https:\/\/www.smilegardendentistry.ca\/fr\/urgences-dentaires\/\" \/>\n<meta property=\"og:site_name\" content=\"Smile Garden Dentistry\" \/>\n<meta property=\"article:modified_time\" content=\"2020-05-22T21:26:13+00:00\" \/>\n<meta name=\"twitter:card\" content=\"summary_large_image\" \/>\n<meta name=\"twitter:label1\" content=\"Estimation du temps de lecture\" \/>\n\t<meta name=\"twitter:data1\" content=\"2 minutes\" \/>\n<script type=\"application\/ld+json\" class=\"yoast-schema-graph\">{\"@context\":\"https:\\\/\\\/schema.org\",\"@graph\":[{\"@type\":\"WebPage\",\"@id\":\"https:\\\/\\\/www.smilegardendentistry.ca\\\/fr\\\/urgences-dentaires\\\/\",\"url\":\"https:\\\/\\\/www.smilegardendentistry.ca\\\/fr\\\/urgences-dentaires\\\/\",\"name\":\"Urgences dentaires - Smile Garden Dentistry\",\"isPartOf\":{\"@id\":\"https:\\\/\\\/www.smilegardendentistry.ca\\\/fr\\\/#website\"},\"datePublished\":\"2020-05-02T03:02:15+00:00\",\"dateModified\":\"2020-05-22T21:26:13+00:00\",\"description\":\"Si votre enfant (nourisson, enfant adolescent) \u00e0 une urgence Dentaire voici des conseils utiles.Nous somme situ\u00e9 \u00e0 Kingston Ontario.\",\"breadcrumb\":{\"@id\":\"https:\\\/\\\/www.smilegardendentistry.ca\\\/fr\\\/urgences-dentaires\\\/#breadcrumb\"},\"inLanguage\":\"fr-CA\",\"potentialAction\":[{\"@type\":\"ReadAction\",\"target\":[\"https:\\\/\\\/www.smilegardendentistry.ca\\\/fr\\\/urgences-dentaires\\\/\"]}]},{\"@type\":\"BreadcrumbList\",\"@id\":\"https:\\\/\\\/www.smilegardendentistry.ca\\\/fr\\\/urgences-dentaires\\\/#breadcrumb\",\"itemListElement\":[{\"@type\":\"ListItem\",\"position\":1,\"name\":\"Home\",\"item\":\"https:\\\/\\\/www.smilegardendentistry.ca\\\/fr\\\/\"},{\"@type\":\"ListItem\",\"position\":2,\"name\":\"Urgences dentaires\"}]},{\"@type\":\"WebSite\",\"@id\":\"https:\\\/\\\/www.smilegardendentistry.ca\\\/fr\\\/#website\",\"url\":\"https:\\\/\\\/www.smilegardendentistry.ca\\\/fr\\\/\",\"name\":\"Smile Garden Dentistry\",\"description\":\"\",\"publisher\":{\"@id\":\"https:\\\/\\\/www.smilegardendentistry.ca\\\/fr\\\/#organization\"},\"potentialAction\":[{\"@type\":\"SearchAction\",\"target\":{\"@type\":\"EntryPoint\",\"urlTemplate\":\"https:\\\/\\\/www.smilegardendentistry.ca\\\/fr\\\/?s={search_term_string}\"},\"query-input\":{\"@type\":\"PropertyValueSpecification\",\"valueRequired\":true,\"valueName\":\"search_term_string\"}}],\"inLanguage\":\"fr-CA\"},{\"@type\":\"Organization\",\"@id\":\"https:\\\/\\\/www.smilegardendentistry.ca\\\/fr\\\/#organization\",\"name\":\"Smile Garden Dentistry\",\"url\":\"https:\\\/\\\/www.smilegardendentistry.ca\\\/fr\\\/\",\"logo\":{\"@type\":\"ImageObject\",\"inLanguage\":\"fr-CA\",\"@id\":\"https:\\\/\\\/www.smilegardendentistry.ca\\\/fr\\\/#\\\/schema\\\/logo\\\/image\\\/\",\"url\":\"https:\\\/\\\/www.smilegardendentistry.ca\\\/wp-content\\\/uploads\\\/2020\\\/02\\\/SG_RGB_FULL.png\",\"contentUrl\":\"https:\\\/\\\/www.smilegardendentistry.ca\\\/wp-content\\\/uploads\\\/2020\\\/02\\\/SG_RGB_FULL.png\",\"width\":1000,\"height\":312,\"caption\":\"Smile Garden Dentistry\"},\"image\":{\"@id\":\"https:\\\/\\\/www.smilegardendentistry.ca\\\/fr\\\/#\\\/schema\\\/logo\\\/image\\\/\"}}]}<\/script>\n<!-- \/ Yoast SEO plugin. -->","yoast_head_json":{"title":"Urgences dentaires - Smile Garden Dentistry","description":"Si votre enfant (nourisson, enfant adolescent) \u00e0 une urgence Dentaire voici des conseils utiles.Nous somme situ\u00e9 \u00e0 Kingston Ontario.","robots":{"index":"index","follow":"follow","max-snippet":"max-snippet:-1","max-image-preview":"max-image-preview:large","max-video-preview":"max-video-preview:-1"},"canonical":"https:\/\/www.smilegardendentistry.ca\/fr\/urgences-dentaires\/","og_locale":"fr_CA","og_type":"article","og_title":"Urgences dentaires - Smile Garden Dentistry","og_description":"Si votre enfant (nourisson, enfant adolescent) \u00e0 une urgence Dentaire voici des conseils utiles.Nous somme situ\u00e9 \u00e0 Kingston Ontario.","og_url":"https:\/\/www.smilegardendentistry.ca\/fr\/urgences-dentaires\/","og_site_name":"Smile Garden Dentistry","article_modified_time":"2020-05-22T21:26:13+00:00","twitter_card":"summary_large_image","twitter_misc":{"Estimation du temps de lecture":"2 minutes"},"schema":{"@context":"https:\/\/schema.org","@graph":[{"@type":"WebPage","@id":"https:\/\/www.smilegardendentistry.ca\/fr\/urgences-dentaires\/","url":"https:\/\/www.smilegardendentistry.ca\/fr\/urgences-dentaires\/","name":"Urgences dentaires - Smile Garden Dentistry","isPartOf":{"@id":"https:\/\/www.smilegardendentistry.ca\/fr\/#website"},"datePublished":"2020-05-02T03:02:15+00:00","dateModified":"2020-05-22T21:26:13+00:00","description":"Si votre enfant (nourisson, enfant adolescent) \u00e0 une urgence Dentaire voici des conseils utiles.Nous somme situ\u00e9 \u00e0 Kingston Ontario.","breadcrumb":{"@id":"https:\/\/www.smilegardendentistry.ca\/fr\/urgences-dentaires\/#breadcrumb"},"inLanguage":"fr-CA","potentialAction":[{"@type":"ReadAction","target":["https:\/\/www.smilegardendentistry.ca\/fr\/urgences-dentaires\/"]}]},{"@type":"BreadcrumbList","@id":"https:\/\/www.smilegardendentistry.ca\/fr\/urgences-dentaires\/#breadcrumb","itemListElement":[{"@type":"ListItem","position":1,"name":"Home","item":"https:\/\/www.smilegardendentistry.ca\/fr\/"},{"@type":"ListItem","position":2,"name":"Urgences dentaires"}]},{"@type":"WebSite","@id":"https:\/\/www.smilegardendentistry.ca\/fr\/#website","url":"https:\/\/www.smilegardendentistry.ca\/fr\/","name":"Smile Garden Dentistry","description":"","publisher":{"@id":"https:\/\/www.smilegardendentistry.ca\/fr\/#organization"},"potentialAction":[{"@type":"SearchAction","target":{"@type":"EntryPoint","urlTemplate":"https:\/\/www.smilegardendentistry.ca\/fr\/?s={search_term_string}"},"query-input":{"@type":"PropertyValueSpecification","valueRequired":true,"valueName":"search_term_string"}}],"inLanguage":"fr-CA"},{"@type":"Organization","@id":"https:\/\/www.smilegardendentistry.ca\/fr\/#organization","name":"Smile Garden Dentistry","url":"https:\/\/www.smilegardendentistry.ca\/fr\/","logo":{"@type":"ImageObject","inLanguage":"fr-CA","@id":"https:\/\/www.smilegardendentistry.ca\/fr\/#\/schema\/logo\/image\/","url":"https:\/\/www.smilegardendentistry.ca\/wp-content\/uploads\/2020\/02\/SG_RGB_FULL.png","contentUrl":"https:\/\/www.smilegardendentistry.ca\/wp-content\/uploads\/2020\/02\/SG_RGB_FULL.png","width":1000,"height":312,"caption":"Smile Garden Dentistry"},"image":{"@id":"https:\/\/www.smilegardendentistry.ca\/fr\/#\/schema\/logo\/image\/"}}]}},"_links":{"self":[{"href":"https:\/\/www.smilegardendentistry.ca\/fr\/wp-json\/wp\/v2\/pages\/487","targetHints":{"allow":["GET"]}}],"collection":[{"href":"https:\/\/www.smilegardendentistry.ca\/fr\/wp-json\/wp\/v2\/pages"}],"about":[{"href":"https:\/\/www.smilegardendentistry.ca\/fr\/wp-json\/wp\/v2\/types\/page"}],"author":[{"embeddable":true,"href":"https:\/\/www.smilegardendentistry.ca\/fr\/wp-json\/wp\/v2\/users\/1"}],"replies":[{"embeddable":true,"href":"https:\/\/www.smilegardendentistry.ca\/fr\/wp-json\/wp\/v2\/comments?post=487"}],"version-history":[{"count":0,"href":"https:\/\/www.smilegardendentistry.ca\/fr\/wp-json\/wp\/v2\/pages\/487\/revisions"}],"wp:attachment":[{"href":"https:\/\/www.smilegardendentistry.ca\/fr\/wp-json\/wp\/v2\/media?parent=487"}],"curies":[{"name":"wp","href":"https:\/\/api.w.org\/{rel}","templated":true}]}}